{"id":19,"date":"2005-12-29T19:44:38","date_gmt":"2005-12-30T00:44:38","guid":{"rendered":"http:\/\/www.lastdragon.net\/?page_id=19"},"modified":"2021-11-23T18:59:26","modified_gmt":"2021-11-24T00:59:26","slug":"contactame","status":"publish","type":"page","link":"https:\/\/www.lastdragon.net\/?page_id=19","title":{"rendered":"Cont\u00e1ctame"},"content":{"rendered":"<p>Por correo electr\u00f3nico:<br \/>\navisos@lastdragon.net<\/p>\n<p>Por tel\u00e9fono:<br \/>\nPara llamadas internacionales favor de marcar a por Skype o Whatsapp y en estados unidos de cualquier tel\u00e9fono a:<\/p>\n<p>+ ( 52 ) 9381156341<\/p>\n<p>Si no me encuentro disponible, por favor deja un mensaje en mi buz\u00f3n de voz con datos suficientes para poder devolverte la llamada o correo electr\u00f3nico, al terminar tu mensaje de voz se codificara y se me enviara por correo electr\u00f3nico por lo que hay una gran probabilidad de responder r\u00e1pidamente. No olvides especificar c\u00f3digo de \u00e1rea si llamas desde M\u00e9xico (lada) o el c\u00f3digo de tu pa\u00eds, si llamas fuera de M\u00e9xico.<\/p>\n","protected":false},"excerpt":{"rendered":"<p>Por correo electr\u00f3nico: avisos@lastdragon.net Por tel\u00e9fono: Para llamadas internacionales favor de marcar a por Skype o Whatsapp y en estados unidos de cualquier tel\u00e9fono a: + ( 52 ) 9381156341 Si no me encuentro disponible, por favor deja un mensaje en mi buz\u00f3n de voz con datos suficientes para poder devolverte la llamada o correo&#8230;<\/p>\n","protected":false},"author":1,"featured_media":0,"parent":0,"menu_order":0,"comment_status":"closed","ping_status":"closed","template":"","meta":{"footnotes":""},"class_list":["post-19","page","type-page","status-publish","hentry"],"_links":{"self":[{"href":"https:\/\/www.lastdragon.net\/index.php?rest_route=\/wp\/v2\/pages\/19","targetHints":{"allow":["GET"]}}],"collection":[{"href":"https:\/\/www.lastdragon.net\/index.php?rest_route=\/wp\/v2\/pages"}],"about":[{"href":"https:\/\/www.lastdragon.net\/index.php?rest_route=\/wp\/v2\/types\/page"}],"author":[{"embeddable":true,"href":"https:\/\/www.lastdragon.net\/index.php?rest_route=\/wp\/v2\/users\/1"}],"replies":[{"embeddable":true,"href":"https:\/\/www.lastdragon.net\/index.php?rest_route=%2Fwp%2Fv2%2Fcomments&post=19"}],"version-history":[{"count":3,"href":"https:\/\/www.lastdragon.net\/index.php?rest_route=\/wp\/v2\/pages\/19\/revisions"}],"predecessor-version":[{"id":2447,"href":"https:\/\/www.lastdragon.net\/index.php?rest_route=\/wp\/v2\/pages\/19\/revisions\/2447"}],"wp:attachment":[{"href":"https:\/\/www.lastdragon.net\/index.php?rest_route=%2Fwp%2Fv2%2Fmedia&parent=19"}],"curies":[{"name":"wp","href":"https:\/\/api.w.org\/{rel}","templated":true}]}}