{"id":23,"date":"2006-01-22T23:20:54","date_gmt":"2006-01-23T04:20:54","guid":{"rendered":"http:\/\/www.lastdragon.net\/?page_id=23"},"modified":"2006-01-23T13:41:35","modified_gmt":"2006-01-23T18:41:35","slug":"acerca-de-mi-pais","status":"publish","type":"page","link":"https:\/\/www.lastdragon.net\/?page_id=23","title":{"rendered":"Acerca de mi pa\u00eds"},"content":{"rendered":"<p>Me considero un idealista y un patriota que esta orgulloso de ser ciudadano Mexicano, as\u00ed que esta pagina la dedicare a los Estados Unidos Mexicanos y a pesar de sus gobernantes, el pa\u00eds mas glorioso del mundo.<\/p>\n<p><center><img decoding=\"async\" src=\"https:\/\/www.lastdragon.net\/misarchivos\/const\/escudo.gif\"\/><\/center><\/p>\n<p>Acerca de mi pa\u00eds.<br \/>\n<a href=\"https:\/\/www.lastdragon.net\/misarchivos\/const\/\" target=\"_BLANK\">La constituci\u00f3n de los Estados Unidos Mexicano.<\/a><br \/>\n<a href=\"https:\/\/www.lastdragon.net\/misarchivos\/const\/poderes.html\" target=\"_BLANK\">Los Poderes de la Uni\u00f3n<\/a><br \/>\n<a href=\"https:\/\/www.lastdragon.net\/misarchivos\/const\/himno.html\">Himno Nacional de los E.U. Mexicanos.<\/a><\/p>\n<p><embed src=\"https:\/\/www.lastdragon.net\/misarchivos\/const\/himnoinstrumental.mp3\" AUTOSTART=\"true\" LOOP=\"false\" WIDTH=145 HEIGHT=45><br \/>\n<\/embed> <a href=\"https:\/\/www.lastdragon.net\/misarchivos\/const\/himnoinstrumental.mp3\">Descargar el Himno Nacional (Solo Instrumental)<\/a><\/p>\n","protected":false},"excerpt":{"rendered":"<p>Me considero un idealista y un patriota que esta orgulloso de ser ciudadano Mexicano, as\u00ed que esta pagina la dedicare a los Estados Unidos Mexicanos y a pesar de sus gobernantes, el pa\u00eds mas glorioso del mundo. Acerca de mi pa\u00eds. La constituci\u00f3n de los Estados Unidos Mexicano. Los Poderes de la Uni\u00f3n Himno Nacional&#8230;<\/p>\n","protected":false},"author":1,"featured_media":0,"parent":0,"menu_order":0,"comment_status":"open","ping_status":"open","template":"","meta":{"footnotes":""},"class_list":["post-23","page","type-page","status-publish","hentry"],"_links":{"self":[{"href":"https:\/\/www.lastdragon.net\/index.php?rest_route=\/wp\/v2\/pages\/23","targetHints":{"allow":["GET"]}}],"collection":[{"href":"https:\/\/www.lastdragon.net\/index.php?rest_route=\/wp\/v2\/pages"}],"about":[{"href":"https:\/\/www.lastdragon.net\/index.php?rest_route=\/wp\/v2\/types\/page"}],"author":[{"embeddable":true,"href":"https:\/\/www.lastdragon.net\/index.php?rest_route=\/wp\/v2\/users\/1"}],"replies":[{"embeddable":true,"href":"https:\/\/www.lastdragon.net\/index.php?rest_route=%2Fwp%2Fv2%2Fcomments&post=23"}],"version-history":[{"count":0,"href":"https:\/\/www.lastdragon.net\/index.php?rest_route=\/wp\/v2\/pages\/23\/revisions"}],"wp:attachment":[{"href":"https:\/\/www.lastdragon.net\/index.php?rest_route=%2Fwp%2Fv2%2Fmedia&parent=23"}],"curies":[{"name":"wp","href":"https:\/\/api.w.org\/{rel}","templated":true}]}}