{"id":483,"date":"2010-10-07T12:47:51","date_gmt":"2010-10-07T18:47:51","guid":{"rendered":"http:\/\/www.lastdragon.net\/?page_id=483"},"modified":"2026-02-09T11:53:00","modified_gmt":"2026-02-09T17:53:00","slug":"acerca-de","status":"publish","type":"page","link":"https:\/\/www.lastdragon.net\/?page_id=483","title":{"rendered":"Mecenas &#8211; Actualizado al 10 de Febrero del 2026"},"content":{"rendered":"\n<p><strong>Patreon y Youtube<\/strong><\/p>\n\n\n\n<p>Quiero tomarme un momento para agradecer profundamente a todas las personas que apoyan mi proyecto de blog y YouTube. Este espacio no ser\u00eda lo que es sin ustedes. Cada comentario, cada idea, cada mensaje y cada muestra de apoyo suma much\u00edsimo m\u00e1s de lo que imaginan.<\/p>\n\n\n\n<p><strong>Gracias de coraz\u00f3n a:<\/strong><\/p>\n\n\n\n<p>Aldo David, Arsenio Ramos de la Torre, Cuit-cbits, DC, Diego Cantero, Fernando Sol\u00f3rzano, Fernando S\u00e1nchez, Florencia Montserrat Guerrero Arriagada, Gabriel Gastelum, gusEPC, h4ck3r, Israel Rodriguez, Ivanichis, Iv\u00e1n Chavero, Jordi Aixal\u00e0, Jorge L\u00f3pez, Jorge P., jovenfiasco, Juankkor, Kathy P\u00e9rez, Kevin, Kevin Alejandro Gutierrez Luna, Lair Nula, leffpeter, Leonardo Alvarez, lucas vargas, Luis Roa Saavedra, Marck Smith, Michael Schwemmer, newo, Omar Purata Funes, Programmer Seed, ricky perez, Rogelio, Ruben Alejandro, Vazquez, wilfredo, yerson, Miguel Angel, francisco chambi, Pablo miguez scarel, Taurus Silver, jhon gonzalez, Jhon, Kfjfbwushaudyqvqysgc cjxodjwdmso, Jose Cubillo, Cosas de Taller y Luis Lupianez.<\/p>\n\n\n\n<p>Su apoyo impulsa este proyecto a seguir creciendo, mejorando y compartiendo contenido con pasi\u00f3n. Gracias por creer en lo que hago, por formar parte de esta comunidad y por hacer que todo esto valga la pena.<\/p>\n\n\n\n<p><strong>Seguimos construyendo juntos.<\/strong><\/p>\n\n\n\n<p><\/p>\n","protected":false},"excerpt":{"rendered":"<p>Patreon y Youtube Quiero tomarme un momento para agradecer profundamente a todas las personas que apoyan mi proyecto de blog y YouTube. Este espacio no ser\u00eda lo que es sin ustedes. Cada comentario, cada idea, cada mensaje y cada muestra de apoyo suma much\u00edsimo m\u00e1s de lo que imaginan. Gracias de coraz\u00f3n a: Aldo David,&#8230;<\/p>\n","protected":false},"author":1,"featured_media":0,"parent":0,"menu_order":0,"comment_status":"open","ping_status":"open","template":"","meta":{"footnotes":""},"class_list":["post-483","page","type-page","status-publish","hentry"],"_links":{"self":[{"href":"https:\/\/www.lastdragon.net\/index.php?rest_route=\/wp\/v2\/pages\/483","targetHints":{"allow":["GET"]}}],"collection":[{"href":"https:\/\/www.lastdragon.net\/index.php?rest_route=\/wp\/v2\/pages"}],"about":[{"href":"https:\/\/www.lastdragon.net\/index.php?rest_route=\/wp\/v2\/types\/page"}],"author":[{"embeddable":true,"href":"https:\/\/www.lastdragon.net\/index.php?rest_route=\/wp\/v2\/users\/1"}],"replies":[{"embeddable":true,"href":"https:\/\/www.lastdragon.net\/index.php?rest_route=%2Fwp%2Fv2%2Fcomments&post=483"}],"version-history":[{"count":9,"href":"https:\/\/www.lastdragon.net\/index.php?rest_route=\/wp\/v2\/pages\/483\/revisions"}],"predecessor-version":[{"id":2749,"href":"https:\/\/www.lastdragon.net\/index.php?rest_route=\/wp\/v2\/pages\/483\/revisions\/2749"}],"wp:attachment":[{"href":"https:\/\/www.lastdragon.net\/index.php?rest_route=%2Fwp%2Fv2%2Fmedia&parent=483"}],"curies":[{"name":"wp","href":"https:\/\/api.w.org\/{rel}","templated":true}]}}